{"id":5916,"date":"2023-05-22T17:06:16","date_gmt":"2023-05-22T21:06:16","guid":{"rendered":"https:\/\/oneononeimmigration.com\/?page_id=5916"},"modified":"2023-06-12T21:58:09","modified_gmt":"2023-06-13T01:58:09","slug":"get-started","status":"publish","type":"page","link":"https:\/\/oneononeimmigration.com\/pt-br\/get-started\/","title":{"rendered":"Comece por Aqui"},"content":{"rendered":"<div data-elementor-type=\"wp-post\" data-elementor-id=\"5916\" class=\"elementor elementor-5916\">\n\t\t\t\t\t\t\t\t\t<section class=\"elementor-section elementor-top-section elementor-element elementor-element-a626a8e elementor-section-boxed elementor-section-height-default elementor-section-height-default\" data-id=\"a626a8e\" data-element_type=\"section\" data-settings=\"{&quot;background_background&quot;:&quot;classic&quot;}\">\n\t\t\t\t\t\t<div class=\"elementor-container elementor-column-gap-default\">\n\t\t\t\t\t<div class=\"elementor-column elementor-col-100 elementor-top-column elementor-element elementor-element-048247c\" data-id=\"048247c\" data-element_type=\"column\">\n\t\t\t<div class=\"elementor-widget-wrap elementor-element-populated\">\n\t\t\t\t\t\t\t\t<div class=\"elementor-element elementor-element-bdf3e73 elementor-widget elementor-widget-spacer\" data-id=\"bdf3e73\" data-element_type=\"widget\" data-widget_type=\"spacer.default\">\n\t\t\t\t<div class=\"elementor-widget-container\">\n\t\t\t<style>\/*! elementor - v3.16.0 - 09-10-2023 *\/\n.elementor-column .elementor-spacer-inner{height:var(--spacer-size)}.e-con{--container-widget-width:100%}.e-con-inner>.elementor-widget-spacer,.e-con>.elementor-widget-spacer{width:var(--container-widget-width,var(--spacer-size));--align-self:var(--container-widget-align-self,initial);--flex-shrink:0}.e-con-inner>.elementor-widget-spacer>.elementor-widget-container,.e-con>.elementor-widget-spacer>.elementor-widget-container{height:100%;width:100%}.e-con-inner>.elementor-widget-spacer>.elementor-widget-container>.elementor-spacer,.e-con>.elementor-widget-spacer>.elementor-widget-container>.elementor-spacer{height:100%}.e-con-inner>.elementor-widget-spacer>.elementor-widget-container>.elementor-spacer>.elementor-spacer-inner,.e-con>.elementor-widget-spacer>.elementor-widget-container>.elementor-spacer>.elementor-spacer-inner{height:var(--container-widget-height,var(--spacer-size))}.e-con-inner>.elementor-widget-spacer.elementor-widget-empty,.e-con>.elementor-widget-spacer.elementor-widget-empty{position:relative;min-height:22px;min-width:22px}.e-con-inner>.elementor-widget-spacer.elementor-widget-empty .elementor-widget-empty-icon,.e-con>.elementor-widget-spacer.elementor-widget-empty .elementor-widget-empty-icon{position:absolute;top:0;bottom:0;left:0;right:0;margin:auto;padding:0;width:22px;height:22px}<\/style>\t\t<div class=\"elementor-spacer\">\n\t\t\t<div class=\"elementor-spacer-inner\"><\/div>\n\t\t<\/div>\n\t\t\t\t<\/div>\n\t\t\t\t<\/div>\n\t\t\t\t<div class=\"elementor-element elementor-element-ab62265 elementor-align-center elementor-widget elementor-widget-button\" data-id=\"ab62265\" data-element_type=\"widget\" data-widget_type=\"button.default\">\n\t\t\t\t<div class=\"elementor-widget-container\">\n\t\t\t\t\t<div class=\"elementor-button-wrapper\">\n\t\t\t<a class=\"elementor-button elementor-button-link elementor-size-sm\" href=\"#\">\n\t\t\t\t\t\t<span class=\"elementor-button-content-wrapper\">\n\t\t\t\t\t\t<span class=\"elementor-button-text\"><\/span>\n\t\t<\/span>\n\t\t\t\t\t<\/a>\n\t\t<\/div>\n\t\t\t\t<\/div>\n\t\t\t\t<\/div>\n\t\t\t\t<div class=\"elementor-element elementor-element-6702595 elementor-widget elementor-widget-heading\" data-id=\"6702595\" data-element_type=\"widget\" data-widget_type=\"heading.default\">\n\t\t\t\t<div class=\"elementor-widget-container\">\n\t\t\t<style>\/*! elementor - v3.16.0 - 09-10-2023 *\/\n.elementor-heading-title{padding:0;margin:0;line-height:1}.elementor-widget-heading .elementor-heading-title[class*=elementor-size-]>a{color:inherit;font-size:inherit;line-height:inherit}.elementor-widget-heading .elementor-heading-title.elementor-size-small{font-size:15px}.elementor-widget-heading .elementor-heading-title.elementor-size-medium{font-size:19px}.elementor-widget-heading .elementor-heading-title.elementor-size-large{font-size:29px}.elementor-widget-heading .elementor-heading-title.elementor-size-xl{font-size:39px}.elementor-widget-heading .elementor-heading-title.elementor-size-xxl{font-size:59px}<\/style><h3 class=\"elementor-heading-title elementor-size-default\">Comece por Aqui<\/h3>\t\t<\/div>\n\t\t\t\t<\/div>\n\t\t\t\t<div class=\"elementor-element elementor-element-6deeacd elementor-widget elementor-widget-heading\" data-id=\"6deeacd\" data-element_type=\"widget\" data-widget_type=\"heading.default\">\n\t\t\t\t<div class=\"elementor-widget-container\">\n\t\t\t<h2 class=\"elementor-heading-title elementor-size-default\">Agende uma Consultoria<\/h2>\t\t<\/div>\n\t\t\t\t<\/div>\n\t\t\t\t<div class=\"elementor-element elementor-element-9c644f5 elementor-align-center elementor-widget elementor-widget-button\" data-id=\"9c644f5\" data-element_type=\"widget\" data-widget_type=\"button.default\">\n\t\t\t\t<div class=\"elementor-widget-container\">\n\t\t\t\t\t<div class=\"elementor-button-wrapper\">\n\t\t\t<a class=\"elementor-button elementor-button-link elementor-size-sm\" href=\"#\">\n\t\t\t\t\t\t<span class=\"elementor-button-content-wrapper\">\n\t\t\t\t\t\t<span class=\"elementor-button-text\"><\/span>\n\t\t<\/span>\n\t\t\t\t\t<\/a>\n\t\t<\/div>\n\t\t\t\t<\/div>\n\t\t\t\t<\/div>\n\t\t\t\t<div class=\"elementor-element elementor-element-e3239f7 elementor-widget elementor-widget-spacer\" data-id=\"e3239f7\" data-element_type=\"widget\" data-widget_type=\"spacer.default\">\n\t\t\t\t<div class=\"elementor-widget-container\">\n\t\t\t\t\t<div class=\"elementor-spacer\">\n\t\t\t<div class=\"elementor-spacer-inner\"><\/div>\n\t\t<\/div>\n\t\t\t\t<\/div>\n\t\t\t\t<\/div>\n\t\t\t\t\t<\/div>\n\t\t<\/div>\n\t\t\t\t\t\t\t<\/div>\n\t\t<\/section>\n\t\t\t\t<section class=\"elementor-section elementor-top-section elementor-element elementor-element-4c77664 elementor-section-boxed elementor-section-height-default elementor-section-height-default\" data-id=\"4c77664\" data-element_type=\"section\" data-settings=\"{&quot;background_background&quot;:&quot;classic&quot;}\">\n\t\t\t\t\t\t<div class=\"elementor-container elementor-column-gap-default\">\n\t\t\t\t\t<div class=\"elementor-column elementor-col-100 elementor-top-column elementor-element elementor-element-0f5e78a\" data-id=\"0f5e78a\" data-element_type=\"column\" data-settings=\"{&quot;background_background&quot;:&quot;classic&quot;}\">\n\t\t\t<div class=\"elementor-widget-wrap elementor-element-populated\">\n\t\t\t\t\t\t\t\t<div class=\"elementor-element elementor-element-6d8cdd2 elementor-widget elementor-widget-text-editor\" data-id=\"6d8cdd2\" data-element_type=\"widget\" data-widget_type=\"text-editor.default\">\n\t\t\t\t<div class=\"elementor-widget-container\">\n\t\t\t<style>\/*! elementor - v3.16.0 - 09-10-2023 *\/\n.elementor-widget-text-editor.elementor-drop-cap-view-stacked .elementor-drop-cap{background-color:#69727d;color:#fff}.elementor-widget-text-editor.elementor-drop-cap-view-framed .elementor-drop-cap{color:#69727d;border:3px solid;background-color:transparent}.elementor-widget-text-editor:not(.elementor-drop-cap-view-default) .elementor-drop-cap{margin-top:8px}.elementor-widget-text-editor:not(.elementor-drop-cap-view-default) .elementor-drop-cap-letter{width:1em;height:1em}.elementor-widget-text-editor .elementor-drop-cap{float:left;text-align:center;line-height:1;font-size:50px}.elementor-widget-text-editor .elementor-drop-cap-letter{display:inline-block}<\/style>\t\t\t\t<p>Este Contrato de Consulta Inicial estabelece os termos e condi\u00e7\u00f5es da reuni\u00e3o de consulta inicial entre um Consultor Regulado de Imigra\u00e7\u00e3o Canadense (RCIC) na One-on-One Imigra\u00e7\u00e3o e o(s) Cliente(s) prospectivo(s) abaixo-assinado(s) (o \"Cliente\"):<\/p><p>O objetivo da consulta inicial \u00e9 coletar informa\u00e7\u00f5es do cliente sobre suas necessidades de imigra\u00e7\u00e3o e fornecer respostas adequadas da melhor maneira poss\u00edvel. A consulta tamb\u00e9m ajuda a identificar as op\u00e7\u00f5es potenciais para o cliente em rela\u00e7\u00e3o a seus objetivos de imigra\u00e7\u00e3o\/visto e determinar a melhor linha de a\u00e7\u00e3o.<\/p><p>Todas as informa\u00e7\u00f5es e documentos fornecidos \u00e0 One-on-One Imigra\u00e7\u00e3o Consultoria durante a consulta inicial ser\u00e3o estritamente confidenciais, exceto se autorizado por voc\u00ea ou de outra forma previsto pelo C\u00f3digo de \u00c9tica Profissional do Col\u00e9gio de Consultores de Imigra\u00e7\u00e3o e Cidadania.<\/p><p>Ap\u00f3s a consulta inicial, dependendo da disposi\u00e7\u00e3o de ambas as partes (cliente e RCIC), ser\u00e1 assinado um Contrato de Honor\u00e1rios (servi\u00e7o) separado e mais detalhado por ambas as partes. O novo Contrato de Honor\u00e1rios substituir\u00e1 o Contrato de Consulta Inicial e estabelecer\u00e1 os termos e condi\u00e7\u00f5es de nossa representa\u00e7\u00e3o, incluindo nossas taxas e os servi\u00e7os espec\u00edficos a serem realizados por n\u00f3s.<\/p>\t\t\t\t\t\t<\/div>\n\t\t\t\t<\/div>\n\t\t\t\t\t<\/div>\n\t\t<\/div>\n\t\t\t\t\t\t\t<\/div>\n\t\t<\/section>\n\t\t\t\t<section class=\"elementor-section elementor-top-section elementor-element elementor-element-c813847 elementor-section-boxed elementor-section-height-default elementor-section-height-default\" data-id=\"c813847\" data-element_type=\"section\" data-settings=\"{&quot;background_background&quot;:&quot;classic&quot;}\">\n\t\t\t\t\t\t<div class=\"elementor-container elementor-column-gap-default\">\n\t\t\t\t\t<div class=\"elementor-column elementor-col-100 elementor-top-column elementor-element elementor-element-20c788c\" data-id=\"20c788c\" data-element_type=\"column\">\n\t\t\t<div class=\"elementor-widget-wrap elementor-element-populated\">\n\t\t\t\t\t\t\t\t<div class=\"elementor-element elementor-element-8f6b50c elementor-widget elementor-widget-spacer\" data-id=\"8f6b50c\" data-element_type=\"widget\" data-widget_type=\"spacer.default\">\n\t\t\t\t<div class=\"elementor-widget-container\">\n\t\t\t\t\t<div class=\"elementor-spacer\">\n\t\t\t<div class=\"elementor-spacer-inner\"><\/div>\n\t\t<\/div>\n\t\t\t\t<\/div>\n\t\t\t\t<\/div>\n\t\t\t\t\t<\/div>\n\t\t<\/div>\n\t\t\t\t\t\t\t<\/div>\n\t\t<\/section>\n\t\t\t\t<section class=\"elementor-section elementor-top-section elementor-element elementor-element-18da474 elementor-section-boxed elementor-section-height-default elementor-section-height-default\" data-id=\"18da474\" data-element_type=\"section\" data-settings=\"{&quot;background_background&quot;:&quot;classic&quot;}\">\n\t\t\t\t\t\t<div class=\"elementor-container elementor-column-gap-default\">\n\t\t\t\t\t<div class=\"elementor-column elementor-col-100 elementor-top-column elementor-element elementor-element-c7ac411\" data-id=\"c7ac411\" data-element_type=\"column\" data-settings=\"{&quot;background_background&quot;:&quot;classic&quot;}\">\n\t\t\t<div class=\"elementor-widget-wrap elementor-element-populated\">\n\t\t\t\t\t\t\t\t<div class=\"elementor-element elementor-element-daa5bf3 elementor-widget elementor-widget-text-editor\" data-id=\"daa5bf3\" data-element_type=\"widget\" data-widget_type=\"text-editor.default\">\n\t\t\t\t<div class=\"elementor-widget-container\">\n\t\t\t\t\t\t\t<p><strong>Custo Inicial de Consultoria:<\/strong><\/p><p>O cliente \u00e9 obrigado a pagar uma taxa de consultoria tendo como op\u00e7\u00f5es 25 minutos ou 45 minutos:<\/p><p><strong>Consultoria de 25 minutos:<\/strong> $95.00 incluindo impostos<br \/><strong>Consultoria de 45 minutos:<\/strong> $125 incluindo impostos<\/p><p>N\u00e3o h\u00e1 adi\u00e7\u00e3o de impostos se o pagamento for feito do exterior. A taxa pode ser enviada por transfer\u00eancia eletr\u00f4nica para 1on1immigration@gmail.com OU pelo PayPal OU pela op\u00e7\u00e3o de cart\u00e3o de cr\u00e9dito dispon\u00edvel em nosso site.<\/p>\t\t\t\t\t\t<\/div>\n\t\t\t\t<\/div>\n\t\t\t\t\t<\/div>\n\t\t<\/div>\n\t\t\t\t\t\t\t<\/div>\n\t\t<\/section>\n\t\t\t\t<section class=\"elementor-section elementor-top-section elementor-element elementor-element-4183cb2 elementor-section-boxed elementor-section-height-default elementor-section-height-default\" data-id=\"4183cb2\" data-element_type=\"section\" data-settings=\"{&quot;background_background&quot;:&quot;classic&quot;}\">\n\t\t\t\t\t\t<div class=\"elementor-container elementor-column-gap-default\">\n\t\t\t\t\t<div class=\"elementor-column elementor-col-100 elementor-top-column elementor-element elementor-element-e5dc756\" data-id=\"e5dc756\" data-element_type=\"column\">\n\t\t\t<div class=\"elementor-widget-wrap elementor-element-populated\">\n\t\t\t\t\t\t\t\t<div class=\"elementor-element elementor-element-4b6317c elementor-widget elementor-widget-spacer\" data-id=\"4b6317c\" data-element_type=\"widget\" data-widget_type=\"spacer.default\">\n\t\t\t\t<div class=\"elementor-widget-container\">\n\t\t\t\t\t<div class=\"elementor-spacer\">\n\t\t\t<div class=\"elementor-spacer-inner\"><\/div>\n\t\t<\/div>\n\t\t\t\t<\/div>\n\t\t\t\t<\/div>\n\t\t\t\t\t<\/div>\n\t\t<\/div>\n\t\t\t\t\t\t\t<\/div>\n\t\t<\/section>\n\t\t\t\t<section class=\"elementor-section elementor-top-section elementor-element elementor-element-a48af70 elementor-section-boxed elementor-section-height-default elementor-section-height-default\" data-id=\"a48af70\" data-element_type=\"section\" data-settings=\"{&quot;background_background&quot;:&quot;classic&quot;}\">\n\t\t\t\t\t\t<div class=\"elementor-container elementor-column-gap-default\">\n\t\t\t\t\t<div class=\"elementor-column elementor-col-100 elementor-top-column elementor-element elementor-element-3003399\" data-id=\"3003399\" data-element_type=\"column\" data-settings=\"{&quot;background_background&quot;:&quot;classic&quot;}\">\n\t\t\t<div class=\"elementor-widget-wrap elementor-element-populated\">\n\t\t\t\t\t\t\t\t<div class=\"elementor-element elementor-element-09f7397 elementor-widget elementor-widget-heading\" data-id=\"09f7397\" data-element_type=\"widget\" data-widget_type=\"heading.default\">\n\t\t\t\t<div class=\"elementor-widget-container\">\n\t\t\t<h2 class=\"elementor-heading-title elementor-size-default\">Consulta Inicial<\/h2>\t\t<\/div>\n\t\t\t\t<\/div>\n\t\t\t\t<div class=\"elementor-element elementor-element-58ca541 elementor-widget elementor-widget-shortcode\" data-id=\"58ca541\" data-element_type=\"widget\" data-widget_type=\"shortcode.default\">\n\t\t\t\t<div class=\"elementor-widget-container\">\n\t\t\t\t\t<div class=\"elementor-shortcode\"><div class=\"everest-forms\"><div class=\"evf-container layout-two\" id=\"evf-5958\"><form id=\"evf-form-5958\" class=\"everest-form\" data-formid=\"5958\" data-ajax_submission=\"0\" data-keyboard_friendly_form=\"0\" method=\"post\" enctype=\"multipart\/form-data\" action=\"\/pt-br\/wp-json\/wp\/v2\/pages\/5916\" data-trp-original-action=\"\/pt-br\/wp-json\/wp\/v2\/pages\/5916\"><div class=\"evf-field-container\"><input type=\"hidden\" id=\"_wpnonce5958\" name=\"_wpnonce5958\" value=\"65f5bd5441\" \/><input type=\"hidden\" name=\"_wp_http_referer\" value=\"\/pt-br\/wp-json\/wp\/v2\/pages\/5916\" \/><div class=\"evf-frontend-row\" data-row=\"row_1\" conditional_rules=\"[]\"><div class=\"evf-frontend-grid evf-grid-1\" data-grid=\"grid_1\"><div id=\"evf-5958-field_hVWYy3pE26-1-container\" class=\"evf-field evf-field-first-name form-row validate-required\" data-required-field-message=\"This field is required.\" data-field-id=\"hVWYy3pE26-1\"><input type=\"text\" id=\"evf-5958-field_hVWYy3pE26-1\" class=\"input-text\" name=\"everest_forms[form_fields][hVWYy3pE26-1]\" placeholder=\"Nome\" required><\/div><div id=\"evf-5958-field_pJCvejnMWp-2-container\" class=\"evf-field evf-field-last-name form-row validate-required\" data-required-field-message=\"This field is required.\" data-field-id=\"pJCvejnMWp-2\"><input type=\"text\" id=\"evf-5958-field_pJCvejnMWp-2\" class=\"input-text\" name=\"everest_forms[form_fields][pJCvejnMWp-2]\" placeholder=\"Sobrenome\" required><\/div><div id=\"evf-5958-field_KxJ0al5sew-6-container\" class=\"evf-field evf-field-last-name form-row\" data-field-id=\"KxJ0al5sew-6\"><input type=\"text\" id=\"evf-5958-field_KxJ0al5sew-6\" class=\"input-text\" name=\"everest_forms[form_fields][KxJ0al5sew-6]\" placeholder=\"Nacionalidade\" ><\/div><div id=\"evf-5958-field_heX8dPPkam-7-container\" class=\"evf-field evf-field-last-name form-row validate-required\" data-required-field-message=\"This field is required.\" data-field-id=\"heX8dPPkam-7\"><input type=\"text\" id=\"evf-5958-field_heX8dPPkam-7\" class=\"input-text\" name=\"everest_forms[form_fields][heX8dPPkam-7]\" placeholder=\"Endere\u00e7o Completo\" required><\/div><div id=\"evf-5958-field_aaKCEjCGOA-3-container\" class=\"evf-field evf-field-email form-row validate-required validate-email\" data-required-field-message=\"Please enter a valid email address.\" data-field-id=\"aaKCEjCGOA-3\"><input type=\"email\" id=\"evf-5958-field_aaKCEjCGOA-3\" class=\"input-text\" name=\"everest_forms[form_fields][aaKCEjCGOA-3]\" placeholder=\"E-mail\" required><\/div><div id=\"evf-5958-field_7Rc0qePmED-4-container\" class=\"evf-field evf-field-text form-row\" data-field-id=\"7Rc0qePmED-4\"><input type=\"text\" id=\"evf-5958-field_7Rc0qePmED-4\" class=\"input-text\" name=\"everest_forms[form_fields][7Rc0qePmED-4]\" placeholder=\"Telefone\" ><\/div><div id=\"evf-5958-field_qZ1ZUG2LpN-9-container\" class=\"evf-field evf-field-text form-row\" data-field-id=\"qZ1ZUG2LpN-9\"><input type=\"text\" id=\"evf-5958-field_qZ1ZUG2LpN-9\" class=\"input-text\" name=\"everest_forms[form_fields][qZ1ZUG2LpN-9]\" placeholder=\"Mensagem\" ><div class=\"evf-field-description\">Envie mais informa\u00e7\u00f5es e\/ou nos fa\u00e7a perguntas nessa se\u00e7\u00e3o.<\/div><\/div><\/div><\/div><\/div><div class=\"evf-honeypot-container evf-field-hp\"><label for=\"evf-5958-field-hp\" class=\"evf-field-label\">E-mail<\/label><input type=\"text\" name=\"everest_forms[hp]\" id=\"evf-5958-field-hp\" class=\"input-text\"><\/div><div class=\"evf-submit-container\" ><input type=\"hidden\" name=\"everest_forms[id]\" value=\"5958\"><input type=\"hidden\" name=\"everest_forms[author]\" value=\"1\"><button type='submit' name='everest_forms[submit]' class='everest-forms-submit-button button evf-submit' id='evf-submit-5958' value='evf-submit' data-process-text=\"Processing\u2026\" conditional_rules='&quot;&quot;' conditional_id='evf-submit-5958'  aria-live=\"assertive\">Enviar<\/button><\/div><input type=\"hidden\" name=\"trp-form-language\" value=\"pt-br\"\/><\/form><\/div><!-- .evf-container --><\/div><\/div>\n\t\t\t\t<\/div>\n\t\t\t\t<\/div>\n\t\t\t\t\t<\/div>\n\t\t<\/div>\n\t\t\t\t\t\t\t<\/div>\n\t\t<\/section>\n\t\t\t\t<section class=\"elementor-section elementor-top-section elementor-element elementor-element-92d746d elementor-section-boxed elementor-section-height-default elementor-section-height-default\" data-id=\"92d746d\" data-element_type=\"section\" data-settings=\"{&quot;background_background&quot;:&quot;classic&quot;}\">\n\t\t\t\t\t\t<div class=\"elementor-container elementor-column-gap-default\">\n\t\t\t\t\t<div class=\"elementor-column elementor-col-100 elementor-top-column elementor-element elementor-element-6038a16\" data-id=\"6038a16\" data-element_type=\"column\">\n\t\t\t<div class=\"elementor-widget-wrap elementor-element-populated\">\n\t\t\t\t\t\t\t\t<div class=\"elementor-element elementor-element-ca6f2a5 elementor-widget elementor-widget-heading\" data-id=\"ca6f2a5\" data-element_type=\"widget\" data-widget_type=\"heading.default\">\n\t\t\t\t<div class=\"elementor-widget-container\">\n\t\t\t<h2 class=\"elementor-heading-title elementor-size-default\">Taxas podem ser pagas usando:<\/h2>\t\t<\/div>\n\t\t\t\t<\/div>\n\t\t\t\t<div class=\"elementor-element elementor-element-680b16f paypal-button-center elementor-widget elementor-widget-shortcode\" data-id=\"680b16f\" data-element_type=\"widget\" data-widget_type=\"shortcode.default\">\n\t\t\t\t<div class=\"elementor-widget-container\">\n\t\t\t\t\t<div class=\"elementor-shortcode\"><form action=\"https:\/\/www.paypal.com\/cgi-bin\/webscr\" method=\"post\" target=\"_top\" data-trp-original-action=\"https:\/\/www.paypal.com\/cgi-bin\/webscr\">\r\n<input type=\"hidden\" name=\"cmd\" value=\"_s-xclick\">\r\n<input type=\"hidden\" name=\"hosted_button_id\" value=\"GYFUZTYAGSMNG\">\r\n<input type=\"image\" src=\"http:\/\/oneononeimmigration.com\/wp-content\/uploads\/2023\/06\/Paypal-Logo.png\" border=\"0\" name=\"submit\" alt=\"PayPal - The safer, easier way to pay online!\">\r\n<img decoding=\"async\" loading=\"lazy\" alt=\"\" border=\"0\" src=\"https:\/\/www.paypalobjects.com\/en_US\/i\/scr\/pixel.gif\" width=\"1\" height=\"1\">\r\n<input type=\"hidden\" name=\"trp-form-language\" value=\"pt-br\"\/><\/form><\/div>\n\t\t\t\t<\/div>\n\t\t\t\t<\/div>\n\t\t\t\t<div class=\"elementor-element elementor-element-32a65f8 elementor-widget elementor-widget-spacer\" data-id=\"32a65f8\" data-element_type=\"widget\" data-widget_type=\"spacer.default\">\n\t\t\t\t<div class=\"elementor-widget-container\">\n\t\t\t\t\t<div class=\"elementor-spacer\">\n\t\t\t<div class=\"elementor-spacer-inner\"><\/div>\n\t\t<\/div>\n\t\t\t\t<\/div>\n\t\t\t\t<\/div>\n\t\t\t\t\t<\/div>\n\t\t<\/div>\n\t\t\t\t\t\t\t<\/div>\n\t\t<\/section>\n\t\t\t\t<section class=\"elementor-section elementor-top-section elementor-element elementor-element-b122def elementor-section-boxed elementor-section-height-default elementor-section-height-default\" data-id=\"b122def\" data-element_type=\"section\" data-settings=\"{&quot;background_background&quot;:&quot;classic&quot;}\">\n\t\t\t\t\t\t<div class=\"elementor-container elementor-column-gap-default\">\n\t\t\t\t\t<div class=\"elementor-column elementor-col-100 elementor-top-column elementor-element elementor-element-302c408\" data-id=\"302c408\" data-element_type=\"column\">\n\t\t\t<div class=\"elementor-widget-wrap elementor-element-populated\">\n\t\t\t\t\t\t\t\t<div class=\"elementor-element elementor-element-554ad5a elementor-widget elementor-widget-image-carousel\" data-id=\"554ad5a\" data-element_type=\"widget\" data-settings=\"{&quot;slides_to_show&quot;:&quot;4&quot;,&quot;slides_to_scroll&quot;:&quot;1&quot;,&quot;navigation&quot;:&quot;none&quot;,&quot;image_spacing_custom&quot;:{&quot;unit&quot;:&quot;px&quot;,&quot;size&quot;:40,&quot;sizes&quot;:[]},&quot;slides_to_show_tablet&quot;:&quot;4&quot;,&quot;slides_to_show_mobile&quot;:&quot;2&quot;,&quot;slides_to_scroll_tablet&quot;:&quot;2&quot;,&quot;slides_to_scroll_mobile&quot;:&quot;2&quot;,&quot;autoplay&quot;:&quot;yes&quot;,&quot;pause_on_hover&quot;:&quot;yes&quot;,&quot;pause_on_interaction&quot;:&quot;yes&quot;,&quot;autoplay_speed&quot;:5000,&quot;infinite&quot;:&quot;yes&quot;,&quot;speed&quot;:500,&quot;image_spacing_custom_tablet&quot;:{&quot;unit&quot;:&quot;px&quot;,&quot;size&quot;:&quot;&quot;,&quot;sizes&quot;:[]},&quot;image_spacing_custom_mobile&quot;:{&quot;unit&quot;:&quot;px&quot;,&quot;size&quot;:&quot;&quot;,&quot;sizes&quot;:[]}}\" data-widget_type=\"image-carousel.default\">\n\t\t\t\t<div class=\"elementor-widget-container\">\n\t\t\t<style>\/*! elementor - v3.16.0 - 09-10-2023 *\/\n.elementor-widget-image-carousel .swiper,.elementor-widget-image-carousel .swiper-container{position:static}.elementor-widget-image-carousel .swiper-container .swiper-slide figure,.elementor-widget-image-carousel .swiper .swiper-slide figure{line-height:inherit}.elementor-widget-image-carousel .swiper-slide{text-align:center}.elementor-image-carousel-wrapper:not(.swiper-container-initialized):not(.swiper-initialized) .swiper-slide{max-width:calc(100% \/ var(--e-image-carousel-slides-to-show, 3))}<\/style>\t\t<div class=\"elementor-image-carousel-wrapper swiper\" dir=\"ltr\">\n\t\t\t<div class=\"elementor-image-carousel swiper-wrapper\" aria-live=\"off\">\n\t\t\t\t\t\t\t\t<div class=\"swiper-slide\" role=\"group\" aria-roledescription=\"slide\" aria-label=\"1 of 4\"><figure class=\"swiper-slide-inner\"><img decoding=\"async\" class=\"swiper-slide-image\" src=\"https:\/\/oneononeimmigration.com\/wp-content\/uploads\/2023\/05\/4.png\" alt=\"4\" \/><\/figure><\/div><div class=\"swiper-slide\" role=\"group\" aria-roledescription=\"slide\" aria-label=\"2 of 4\"><figure class=\"swiper-slide-inner\"><img decoding=\"async\" class=\"swiper-slide-image\" src=\"https:\/\/oneononeimmigration.com\/wp-content\/uploads\/2023\/05\/2.png\" alt=\"2\" \/><\/figure><\/div><div class=\"swiper-slide\" role=\"group\" aria-roledescription=\"slide\" aria-label=\"3 of 4\"><figure class=\"swiper-slide-inner\"><img decoding=\"async\" class=\"swiper-slide-image\" src=\"https:\/\/oneononeimmigration.com\/wp-content\/uploads\/2023\/05\/1.png\" alt=\"1\" \/><\/figure><\/div><div class=\"swiper-slide\" role=\"group\" aria-roledescription=\"slide\" aria-label=\"4 of 4\"><figure class=\"swiper-slide-inner\"><img decoding=\"async\" class=\"swiper-slide-image\" src=\"https:\/\/oneononeimmigration.com\/wp-content\/uploads\/2023\/05\/3.png\" alt=\"3\" \/><\/figure><\/div>\t\t\t<\/div>\n\t\t\t\t\t\t\t\n\t\t\t\t\t\t\t\t\t<\/div>\n\t\t\t\t<\/div>\n\t\t\t\t<\/div>\n\t\t\t\t\t<\/div>\n\t\t<\/div>\n\t\t\t\t\t\t\t<\/div>\n\t\t<\/section>\n\t\t\t\t\t\t\t<\/div>","protected":false},"excerpt":{"rendered":"<p>GET STARTED Book a Consultation This Initial Consultation Agreement sets forth the terms and conditions of the initial consultation meeting between a Regulated Canadian Immigration Consultant (RCIC) at One-on-One Immigration and the undersigned prospective Client(s) (the \u201cClient\u201d): The objective of the initial consultation is to gather information from the client about their immigration needs and [&hellip;]<\/p>","protected":false},"author":1,"featured_media":0,"parent":0,"menu_order":0,"comment_status":"closed","ping_status":"closed","template":"page-templates\/pagebuilder.php","meta":{"footnotes":""},"_links":{"self":[{"href":"https:\/\/oneononeimmigration.com\/pt-br\/wp-json\/wp\/v2\/pages\/5916"}],"collection":[{"href":"https:\/\/oneononeimmigration.com\/pt-br\/wp-json\/wp\/v2\/pages"}],"about":[{"href":"https:\/\/oneononeimmigration.com\/pt-br\/wp-json\/wp\/v2\/types\/page"}],"author":[{"embeddable":true,"href":"https:\/\/oneononeimmigration.com\/pt-br\/wp-json\/wp\/v2\/users\/1"}],"replies":[{"embeddable":true,"href":"https:\/\/oneononeimmigration.com\/pt-br\/wp-json\/wp\/v2\/comments?post=5916"}],"version-history":[{"count":34,"href":"https:\/\/oneononeimmigration.com\/pt-br\/wp-json\/wp\/v2\/pages\/5916\/revisions"}],"predecessor-version":[{"id":6026,"href":"https:\/\/oneononeimmigration.com\/pt-br\/wp-json\/wp\/v2\/pages\/5916\/revisions\/6026"}],"wp:attachment":[{"href":"https:\/\/oneononeimmigration.com\/pt-br\/wp-json\/wp\/v2\/media?parent=5916"}],"curies":[{"name":"wp","href":"https:\/\/api.w.org\/{rel}","templated":true}]}}