{"id":13,"date":"2019-06-03T09:04:13","date_gmt":"2019-06-03T09:04:13","guid":{"rendered":"http:\/\/sincere-weevil.w6.wpsandbox.pro\/?page_id=13"},"modified":"2023-06-12T21:06:21","modified_gmt":"2023-06-13T01:06:21","slug":"visa-services","status":"publish","type":"page","link":"https:\/\/oneononeimmigration.com\/pt-br\/visa-services\/","title":{"rendered":"Servi\u00e7os de Visto"},"content":{"rendered":"<div data-elementor-type=\"wp-post\" data-elementor-id=\"13\" class=\"elementor elementor-13\">\n\t\t\t\t\t\t\t\t\t<section class=\"elementor-section elementor-top-section elementor-element elementor-element-6387992 elementor-section-boxed elementor-section-height-default elementor-section-height-default\" data-id=\"6387992\" data-element_type=\"section\" data-settings=\"{&quot;background_background&quot;:&quot;classic&quot;}\">\n\t\t\t\t\t\t<div class=\"elementor-container elementor-column-gap-default\">\n\t\t\t\t\t<div class=\"elementor-column elementor-col-100 elementor-top-column elementor-element elementor-element-9c98463\" data-id=\"9c98463\" data-element_type=\"column\">\n\t\t\t<div class=\"elementor-widget-wrap elementor-element-populated\">\n\t\t\t\t\t\t\t\t<div class=\"elementor-element elementor-element-bf8bae8 elementor-widget elementor-widget-spacer\" data-id=\"bf8bae8\" data-element_type=\"widget\" data-widget_type=\"spacer.default\">\n\t\t\t\t<div class=\"elementor-widget-container\">\n\t\t\t<style>\/*! elementor - v3.16.0 - 09-10-2023 *\/\n.elementor-column .elementor-spacer-inner{height:var(--spacer-size)}.e-con{--container-widget-width:100%}.e-con-inner>.elementor-widget-spacer,.e-con>.elementor-widget-spacer{width:var(--container-widget-width,var(--spacer-size));--align-self:var(--container-widget-align-self,initial);--flex-shrink:0}.e-con-inner>.elementor-widget-spacer>.elementor-widget-container,.e-con>.elementor-widget-spacer>.elementor-widget-container{height:100%;width:100%}.e-con-inner>.elementor-widget-spacer>.elementor-widget-container>.elementor-spacer,.e-con>.elementor-widget-spacer>.elementor-widget-container>.elementor-spacer{height:100%}.e-con-inner>.elementor-widget-spacer>.elementor-widget-container>.elementor-spacer>.elementor-spacer-inner,.e-con>.elementor-widget-spacer>.elementor-widget-container>.elementor-spacer>.elementor-spacer-inner{height:var(--container-widget-height,var(--spacer-size))}.e-con-inner>.elementor-widget-spacer.elementor-widget-empty,.e-con>.elementor-widget-spacer.elementor-widget-empty{position:relative;min-height:22px;min-width:22px}.e-con-inner>.elementor-widget-spacer.elementor-widget-empty .elementor-widget-empty-icon,.e-con>.elementor-widget-spacer.elementor-widget-empty .elementor-widget-empty-icon{position:absolute;top:0;bottom:0;left:0;right:0;margin:auto;padding:0;width:22px;height:22px}<\/style>\t\t<div class=\"elementor-spacer\">\n\t\t\t<div class=\"elementor-spacer-inner\"><\/div>\n\t\t<\/div>\n\t\t\t\t<\/div>\n\t\t\t\t<\/div>\n\t\t\t\t<div class=\"elementor-element elementor-element-f51d6ba elementor-align-center elementor-widget elementor-widget-button\" data-id=\"f51d6ba\" data-element_type=\"widget\" data-widget_type=\"button.default\">\n\t\t\t\t<div class=\"elementor-widget-container\">\n\t\t\t\t\t<div class=\"elementor-button-wrapper\">\n\t\t\t<a class=\"elementor-button elementor-button-link elementor-size-sm\" href=\"#\">\n\t\t\t\t\t\t<span class=\"elementor-button-content-wrapper\">\n\t\t\t\t\t\t<span class=\"elementor-button-text\"><\/span>\n\t\t<\/span>\n\t\t\t\t\t<\/a>\n\t\t<\/div>\n\t\t\t\t<\/div>\n\t\t\t\t<\/div>\n\t\t\t\t<div class=\"elementor-element elementor-element-6d96870 elementor-widget elementor-widget-text-editor\" data-id=\"6d96870\" data-element_type=\"widget\" data-widget_type=\"text-editor.default\">\n\t\t\t\t<div class=\"elementor-widget-container\">\n\t\t\t<style>\/*! elementor - v3.16.0 - 09-10-2023 *\/\n.elementor-widget-text-editor.elementor-drop-cap-view-stacked .elementor-drop-cap{background-color:#69727d;color:#fff}.elementor-widget-text-editor.elementor-drop-cap-view-framed .elementor-drop-cap{color:#69727d;border:3px solid;background-color:transparent}.elementor-widget-text-editor:not(.elementor-drop-cap-view-default) .elementor-drop-cap{margin-top:8px}.elementor-widget-text-editor:not(.elementor-drop-cap-view-default) .elementor-drop-cap-letter{width:1em;height:1em}.elementor-widget-text-editor .elementor-drop-cap{float:left;text-align:center;line-height:1;font-size:50px}.elementor-widget-text-editor .elementor-drop-cap-letter{display:inline-block}<\/style>\t\t\t\t<p>D\u00ea uma olhada nos nossos<\/p>\t\t\t\t\t\t<\/div>\n\t\t\t\t<\/div>\n\t\t\t\t<div class=\"elementor-element elementor-element-be5cef6 elementor-widget elementor-widget-heading\" data-id=\"be5cef6\" data-element_type=\"widget\" data-widget_type=\"heading.default\">\n\t\t\t\t<div class=\"elementor-widget-container\">\n\t\t\t<style>\/*! elementor - v3.16.0 - 09-10-2023 *\/\n.elementor-heading-title{padding:0;margin:0;line-height:1}.elementor-widget-heading .elementor-heading-title[class*=elementor-size-]>a{color:inherit;font-size:inherit;line-height:inherit}.elementor-widget-heading .elementor-heading-title.elementor-size-small{font-size:15px}.elementor-widget-heading .elementor-heading-title.elementor-size-medium{font-size:19px}.elementor-widget-heading .elementor-heading-title.elementor-size-large{font-size:29px}.elementor-widget-heading .elementor-heading-title.elementor-size-xl{font-size:39px}.elementor-widget-heading .elementor-heading-title.elementor-size-xxl{font-size:59px}<\/style><h2 class=\"elementor-heading-title elementor-size-default\">Servi\u00e7os de Visto<\/h2>\t\t<\/div>\n\t\t\t\t<\/div>\n\t\t\t\t<div class=\"elementor-element elementor-element-4e28921 elementor-align-center elementor-widget elementor-widget-button\" data-id=\"4e28921\" data-element_type=\"widget\" data-widget_type=\"button.default\">\n\t\t\t\t<div class=\"elementor-widget-container\">\n\t\t\t\t\t<div class=\"elementor-button-wrapper\">\n\t\t\t<a class=\"elementor-button elementor-button-link elementor-size-sm\" href=\"#\">\n\t\t\t\t\t\t<span class=\"elementor-button-content-wrapper\">\n\t\t\t\t\t\t<span class=\"elementor-button-text\"><\/span>\n\t\t<\/span>\n\t\t\t\t\t<\/a>\n\t\t<\/div>\n\t\t\t\t<\/div>\n\t\t\t\t<\/div>\n\t\t\t\t<div class=\"elementor-element elementor-element-81061ce elementor-widget elementor-widget-spacer\" data-id=\"81061ce\" data-element_type=\"widget\" data-widget_type=\"spacer.default\">\n\t\t\t\t<div class=\"elementor-widget-container\">\n\t\t\t\t\t<div class=\"elementor-spacer\">\n\t\t\t<div class=\"elementor-spacer-inner\"><\/div>\n\t\t<\/div>\n\t\t\t\t<\/div>\n\t\t\t\t<\/div>\n\t\t\t\t\t<\/div>\n\t\t<\/div>\n\t\t\t\t\t\t\t<\/div>\n\t\t<\/section>\n\t\t\t\t<section class=\"elementor-section elementor-top-section elementor-element elementor-element-bf658aa elementor-section-boxed elementor-section-height-default elementor-section-height-default\" data-id=\"bf658aa\" data-element_type=\"section\" data-settings=\"{&quot;background_background&quot;:&quot;classic&quot;}\">\n\t\t\t\t\t\t<div class=\"elementor-container elementor-column-gap-default\">\n\t\t\t\t\t<div class=\"elementor-column elementor-col-100 elementor-top-column elementor-element elementor-element-d5e6d32\" data-id=\"d5e6d32\" data-element_type=\"column\">\n\t\t\t<div class=\"elementor-widget-wrap elementor-element-populated\">\n\t\t\t\t\t\t\t\t<div class=\"elementor-element elementor-element-a7d35d0 elementor-widget elementor-widget-accordion\" data-id=\"a7d35d0\" data-element_type=\"widget\" data-widget_type=\"accordion.default\">\n\t\t\t\t<div class=\"elementor-widget-container\">\n\t\t\t<style>\/*! elementor - v3.16.0 - 09-10-2023 *\/\n.elementor-accordion{text-align:left}.elementor-accordion .elementor-accordion-item{border:1px solid #d5d8dc}.elementor-accordion .elementor-accordion-item+.elementor-accordion-item{border-top:none}.elementor-accordion .elementor-tab-title{margin:0;padding:15px 20px;font-weight:700;line-height:1;cursor:pointer;outline:none}.elementor-accordion .elementor-tab-title .elementor-accordion-icon{display:inline-block;width:1.5em}.elementor-accordion .elementor-tab-title .elementor-accordion-icon svg{width:1em;height:1em}.elementor-accordion .elementor-tab-title .elementor-accordion-icon.elementor-accordion-icon-right{float:right;text-align:right}.elementor-accordion .elementor-tab-title .elementor-accordion-icon.elementor-accordion-icon-left{float:left;text-align:left}.elementor-accordion .elementor-tab-title .elementor-accordion-icon .elementor-accordion-icon-closed{display:block}.elementor-accordion .elementor-tab-title .elementor-accordion-icon .elementor-accordion-icon-opened,.elementor-accordion .elementor-tab-title.elementor-active .elementor-accordion-icon-closed{display:none}.elementor-accordion .elementor-tab-title.elementor-active .elementor-accordion-icon-opened{display:block}.elementor-accordion .elementor-tab-content{display:none;padding:15px 20px;border-top:1px solid #d5d8dc}@media (max-width:767px){.elementor-accordion .elementor-tab-title{padding:12px 15px}.elementor-accordion .elementor-tab-title .elementor-accordion-icon{width:1.2em}.elementor-accordion .elementor-tab-content{padding:7px 15px}}.e-con-inner>.elementor-widget-accordion,.e-con>.elementor-widget-accordion{width:var(--container-widget-width);--flex-grow:var(--container-widget-flex-grow)}<\/style>\t\t<div class=\"elementor-accordion\">\n\t\t\t\t\t\t\t<div class=\"elementor-accordion-item\">\n\t\t\t\t\t<div id=\"elementor-tab-title-1751\" class=\"elementor-tab-title\" data-tab=\"1\" role=\"button\" aria-controls=\"elementor-tab-content-1751\" aria-expanded=\"false\">\n\t\t\t\t\t\t\t\t\t\t\t\t\t<span class=\"elementor-accordion-icon elementor-accordion-icon-right\" aria-hidden=\"true\">\n\t\t\t\t\t\t\t\t\t\t\t\t\t\t\t<span class=\"elementor-accordion-icon-closed\"><i class=\"fas fa-plus\"><\/i><\/span>\n\t\t\t\t\t\t\t\t<span class=\"elementor-accordion-icon-opened\"><i class=\"fas fa-minus\"><\/i><\/span>\n\t\t\t\t\t\t\t\t\t\t\t\t\t\t<\/span>\n\t\t\t\t\t\t\t\t\t\t\t\t<a class=\"elementor-accordion-title\" tabindex=\"0\">Visto de Visitante<\/a>\n\t\t\t\t\t<\/div>\n\t\t\t\t\t<div id=\"elementor-tab-content-1751\" class=\"elementor-tab-content elementor-clearfix\" data-tab=\"1\" role=\"region\" aria-labelledby=\"elementor-tab-title-1751\"><p>Bem-vindo ao nosso site, seu destino \u00fanico para todas as suas necessidades de visto de visitante para o Canad\u00e1. Nossa equipe experiente de profissionais est\u00e1 dedicada a ajud\u00e1-lo a navegar pelo complexo processo de solicita\u00e7\u00e3o de visto de visitante para o Canad\u00e1, garantindo que voc\u00ea tenha a melhor chance de sucesso.<\/p><p>Seja para visitar o Canad\u00e1 a neg\u00f3cios, lazer ou para visitar entes queridos, entendemos como \u00e9 importante ter sua solicita\u00e7\u00e3o de visto processada de forma r\u00e1pida e eficiente. \u00c9 por isso que oferecemos uma variedade de servi\u00e7os para ajud\u00e1-lo em cada etapa do processo, desde o preenchimento do formul\u00e1rio de inscri\u00e7\u00e3o at\u00e9 a prepara\u00e7\u00e3o para a entrevista.<\/p><p><strong>Entre em contato conosco<\/strong> hoje mesmo para obter informa\u00e7\u00f5es sobre os requisitos do visto de visitante para o Canad\u00e1, crit\u00e9rios de elegibilidade e o processo de inscri\u00e7\u00e3o. Tamb\u00e9m oferecemos assist\u00eancia personalizada e suporte para ajud\u00e1-lo a enviar uma solicita\u00e7\u00e3o forte que atenda a todos os requisitos necess\u00e1rios.<\/p><p>N\u00e3o deixe que o processo de solicita\u00e7\u00e3o de visto de visitante para o Canad\u00e1 o sobrecarregue. Confie em n\u00f3s para orient\u00e1-lo atrav\u00e9s do processo com nossos servi\u00e7os confi\u00e1veis e eficientes.<\/p><\/div>\n\t\t\t\t<\/div>\n\t\t\t\t\t\t\t<div class=\"elementor-accordion-item\">\n\t\t\t\t\t<div id=\"elementor-tab-title-1752\" class=\"elementor-tab-title\" data-tab=\"2\" role=\"button\" aria-controls=\"elementor-tab-content-1752\" aria-expanded=\"false\">\n\t\t\t\t\t\t\t\t\t\t\t\t\t<span class=\"elementor-accordion-icon elementor-accordion-icon-right\" aria-hidden=\"true\">\n\t\t\t\t\t\t\t\t\t\t\t\t\t\t\t<span class=\"elementor-accordion-icon-closed\"><i class=\"fas fa-plus\"><\/i><\/span>\n\t\t\t\t\t\t\t\t<span class=\"elementor-accordion-icon-opened\"><i class=\"fas fa-minus\"><\/i><\/span>\n\t\t\t\t\t\t\t\t\t\t\t\t\t\t<\/span>\n\t\t\t\t\t\t\t\t\t\t\t\t<a class=\"elementor-accordion-title\" tabindex=\"0\">Visto de Permiss\u00e3o de Estudos<\/a>\n\t\t\t\t\t<\/div>\n\t\t\t\t\t<div id=\"elementor-tab-content-1752\" class=\"elementor-tab-content elementor-clearfix\" data-tab=\"2\" role=\"region\" aria-labelledby=\"elementor-tab-title-1752\"><p>Bem-vindo ao seu destino dos sonhos! O Canad\u00e1 \u00e9 uma terra de culturas diversas, educa\u00e7\u00e3o de classe mundial e um ambiente acolhedor. Como estudante internacional, voc\u00ea tem a oportunidade de buscar seus objetivos acad\u00eamicos, vivenciar novas culturas e embarcar em uma jornada emocionante rumo a uma carreira gratificante.<\/p><p>Entendemos os desafios que surgem ao solicitar um visto de estudo no Canad\u00e1. \u00c9 por isso que fornecemos orienta\u00e7\u00e3o abrangente e suporte durante todo o processo de inscri\u00e7\u00e3o. Nossa equipe de especialistas est\u00e1 dedicada a ajud\u00e1-lo a navegar pelas complexidades da legisla\u00e7\u00e3o de imigra\u00e7\u00e3o canadense, e trabalharemos incansavelmente para garantir que sua inscri\u00e7\u00e3o seja bem-sucedida.<\/p><p>O Canad\u00e1 abriga algumas das universidades mais bem classificadas do mundo, e podemos ajud\u00e1-lo a encontrar o programa e a institui\u00e7\u00e3o certos para alcan\u00e7ar seus objetivos acad\u00eamicos. Se voc\u00ea est\u00e1 interessado em \u00e1reas de STEM, ci\u00eancias sociais ou humanidades, podemos conect\u00e1-lo com universidades e faculdades que atendam \u00e0s suas necessidades.<\/p><p>Oferecemos uma variedade de servi\u00e7os, incluindo consultas personalizadas, prepara\u00e7\u00e3o de documentos e assist\u00eancia na solicita\u00e7\u00e3o de visto. Nosso objetivo \u00e9 tornar o processo de inscri\u00e7\u00e3o o mais tranquilo poss\u00edvel para que voc\u00ea possa se concentrar em seus estudos e desfrutar de sua experi\u00eancia no Canad\u00e1.<\/p><p>N\u00c3O deixe que as complexidades do processo de visto de estudo no Canad\u00e1 o impe\u00e7am de perseguir seus sonhos. <strong>Entre em contato conosco<\/strong> hoje mesmo para saber mais sobre como podemos ajud\u00e1-lo a obter seu visto de estudo no Canad\u00e1 e iniciar sua jornada rumo a um futuro mais brilhante.<\/p><\/div>\n\t\t\t\t<\/div>\n\t\t\t\t\t\t\t<div class=\"elementor-accordion-item\">\n\t\t\t\t\t<div id=\"elementor-tab-title-1753\" class=\"elementor-tab-title\" data-tab=\"3\" role=\"button\" aria-controls=\"elementor-tab-content-1753\" aria-expanded=\"false\">\n\t\t\t\t\t\t\t\t\t\t\t\t\t<span class=\"elementor-accordion-icon elementor-accordion-icon-right\" aria-hidden=\"true\">\n\t\t\t\t\t\t\t\t\t\t\t\t\t\t\t<span class=\"elementor-accordion-icon-closed\"><i class=\"fas fa-plus\"><\/i><\/span>\n\t\t\t\t\t\t\t\t<span class=\"elementor-accordion-icon-opened\"><i class=\"fas fa-minus\"><\/i><\/span>\n\t\t\t\t\t\t\t\t\t\t\t\t\t\t<\/span>\n\t\t\t\t\t\t\t\t\t\t\t\t<a class=\"elementor-accordion-title\" tabindex=\"0\">Visto de Permiss\u00e3o de Trabalho<\/a>\n\t\t\t\t\t<\/div>\n\t\t\t\t\t<div id=\"elementor-tab-content-1753\" class=\"elementor-tab-content elementor-clearfix\" data-tab=\"3\" role=\"region\" aria-labelledby=\"elementor-tab-title-1753\"><p><strong>O Canad\u00e1 \u00e9 uma terra de oportunidades<\/strong>, com uma economia pr\u00f3spera e uma ampla variedade de setores. Como trabalhador qualificado, voc\u00ea tem a chance de construir uma carreira gratificante e desfrutar de um alto padr\u00e3o de vida em um dos pa\u00edses mais acolhedores do mundo.<\/p><p>O Canad\u00e1 abriga uma ampla gama de ind\u00fastrias, desde tecnologia at\u00e9 cuidados de sa\u00fade e manufatura, e podemos ajud\u00e1-lo a encontrar oportunidades de emprego que estejam alinhadas com seus objetivos profissionais. Podemos conectar voc\u00ea a empregadores em todo o pa\u00eds que est\u00e3o em busca de trabalhadores qualificados como voc\u00ea.<\/p><p>Especializamo-nos em ajudar trabalhadores qualificados de todo o mundo a obter um visto ou permiss\u00e3o de trabalho para o Canad\u00e1. Nossa equipe de especialistas compreende as nuances da legisla\u00e7\u00e3o de imigra\u00e7\u00e3o canadense e pode orient\u00e1-lo no processo de solicita\u00e7\u00e3o de visto de trabalho. Oferecemos consultas personalizadas e apoio em todas as etapas, desde a identifica\u00e7\u00e3o de oportunidades de emprego at\u00e9 a prepara\u00e7\u00e3o de sua solicita\u00e7\u00e3o de visto.<\/p><p>N\u00c3O permita que as complexidades do processo de visto ou permiss\u00e3o de trabalho canadense o impe\u00e7am de perseguir sua carreira dos sonhos.<strong> Entre em contato conosco<\/strong> hoje mesmo para saber mais sobre como podemos ajud\u00e1-lo a obter um visto de trabalho para o Canad\u00e1 e iniciar sua jornada rumo a um futuro mais brilhante.<\/p><\/div>\n\t\t\t\t<\/div>\n\t\t\t\t\t\t\t<div class=\"elementor-accordion-item\">\n\t\t\t\t\t<div id=\"elementor-tab-title-1754\" class=\"elementor-tab-title\" data-tab=\"4\" role=\"button\" aria-controls=\"elementor-tab-content-1754\" aria-expanded=\"false\">\n\t\t\t\t\t\t\t\t\t\t\t\t\t<span class=\"elementor-accordion-icon elementor-accordion-icon-right\" aria-hidden=\"true\">\n\t\t\t\t\t\t\t\t\t\t\t\t\t\t\t<span class=\"elementor-accordion-icon-closed\"><i class=\"fas fa-plus\"><\/i><\/span>\n\t\t\t\t\t\t\t\t<span class=\"elementor-accordion-icon-opened\"><i class=\"fas fa-minus\"><\/i><\/span>\n\t\t\t\t\t\t\t\t\t\t\t\t\t\t<\/span>\n\t\t\t\t\t\t\t\t\t\t\t\t<a class=\"elementor-accordion-title\" tabindex=\"0\">Visto de Resid\u00eancia Tempor\u00e1rio<\/a>\n\t\t\t\t\t<\/div>\n\t\t\t\t\t<div id=\"elementor-tab-content-1754\" class=\"elementor-tab-content elementor-clearfix\" data-tab=\"4\" role=\"region\" aria-labelledby=\"elementor-tab-title-1754\"><p>Se voc\u00ea tiver um motivo justificado para viajar para o Canad\u00e1, mas for considerado inadmiss\u00edvel por outros motivos, voc\u00ea poder\u00e1 solicitar ao Immigration Canada um Permiss\u00e3o de Residente Tempor\u00e1rio (TRP) para superar a inadmissibilidade. Podemos enviar sua solicita\u00e7\u00e3o, em seu nome, para o TRP e redigir uma carta de justificativa explicando por que pode ser justificado que voc\u00ea entre no Canad\u00e1.<\/p><p>Oferecemos consultas personalizadas para avaliar sua situa\u00e7\u00e3o e aconselh\u00e1-lo sobre a melhor op\u00e7\u00e3o a ser seguida. Nossa equipe pode ajud\u00e1-lo em todo o processo de inscri\u00e7\u00e3o do TRP, desde a coleta de documenta\u00e7\u00e3o at\u00e9 o envio de sua solicita\u00e7\u00e3o \u00e0s autoridades competentes.<\/p><p><strong>Entre em contato conosco<\/strong> hoje mesmo para saber mais sobre como podemos ajud\u00e1-lo a obter uma Permiss\u00e3o de Residente Tempor\u00e1rio e iniciar sua jornada rumo a um futuro mais brilhante no Canad\u00e1.<\/p><\/div>\n\t\t\t\t<\/div>\n\t\t\t\t\t\t\t<div class=\"elementor-accordion-item\">\n\t\t\t\t\t<div id=\"elementor-tab-title-1755\" class=\"elementor-tab-title\" data-tab=\"5\" role=\"button\" aria-controls=\"elementor-tab-content-1755\" aria-expanded=\"false\">\n\t\t\t\t\t\t\t\t\t\t\t\t\t<span class=\"elementor-accordion-icon elementor-accordion-icon-right\" aria-hidden=\"true\">\n\t\t\t\t\t\t\t\t\t\t\t\t\t\t\t<span class=\"elementor-accordion-icon-closed\"><i class=\"fas fa-plus\"><\/i><\/span>\n\t\t\t\t\t\t\t\t<span class=\"elementor-accordion-icon-opened\"><i class=\"fas fa-minus\"><\/i><\/span>\n\t\t\t\t\t\t\t\t\t\t\t\t\t\t<\/span>\n\t\t\t\t\t\t\t\t\t\t\t\t<a class=\"elementor-accordion-title\" tabindex=\"0\">Super Visa<\/a>\n\t\t\t\t\t<\/div>\n\t\t\t\t\t<div id=\"elementor-tab-content-1755\" class=\"elementor-tab-content elementor-clearfix\" data-tab=\"5\" role=\"region\" aria-labelledby=\"elementor-tab-title-1755\"><p>Se voc\u00ea \u00e9 pai ou av\u00f4 de um cidad\u00e3o canadense ou residente permanente, pode ser eleg\u00edvel para solicitar um Super Visa, que permite que voc\u00ea fique no Canad\u00e1 por at\u00e9 <strong>5 anos<\/strong> seguidos sem precisar renovar seu status. \u00c9 um visto que oferece m\u00faltiplas entradas por um per\u00edodo de at\u00e9 10 anos.<\/p><p>Podemos orient\u00e1-lo durante o processo de inscri\u00e7\u00e3o do Super Visa, desde a avalia\u00e7\u00e3o de sua elegibilidade at\u00e9 a coleta dos documentos necess\u00e1rios e o envio de sua solicita\u00e7\u00e3o. Oferecemos consultas personalizadas para entender sua situa\u00e7\u00e3o \u00fanica e fornecer conselhos personalizados sobre a melhor op\u00e7\u00e3o a ser seguida.<\/p><p><strong>Entre em contato conosco<\/strong> hoje mesmo para saber mais sobre como podemos ajud\u00e1-lo a solicitar o Super Visa para o Canad\u00e1 e iniciar sua jornada em dire\u00e7\u00e3o ao reencontro com sua fam\u00edlia no Canad\u00e1.<\/p><\/div>\n\t\t\t\t<\/div>\n\t\t\t\t\t\t\t\t<\/div>\n\t\t\t\t<\/div>\n\t\t\t\t<\/div>\n\t\t\t\t\t<\/div>\n\t\t<\/div>\n\t\t\t\t\t\t\t<\/div>\n\t\t<\/section>\n\t\t\t\t<section class=\"elementor-section elementor-top-section elementor-element elementor-element-607e442 elementor-section-boxed elementor-section-height-default elementor-section-height-default\" data-id=\"607e442\" data-element_type=\"section\" data-settings=\"{&quot;background_background&quot;:&quot;classic&quot;}\">\n\t\t\t\t\t\t<div class=\"elementor-container elementor-column-gap-default\">\n\t\t\t\t\t<div class=\"elementor-column elementor-col-100 elementor-top-column elementor-element elementor-element-7a3b0f7\" data-id=\"7a3b0f7\" data-element_type=\"column\">\n\t\t\t<div class=\"elementor-widget-wrap elementor-element-populated\">\n\t\t\t\t\t\t\t\t<div class=\"elementor-element elementor-element-1559321 elementor-widget elementor-widget-spacer\" data-id=\"1559321\" data-element_type=\"widget\" data-widget_type=\"spacer.default\">\n\t\t\t\t<div class=\"elementor-widget-container\">\n\t\t\t\t\t<div class=\"elementor-spacer\">\n\t\t\t<div class=\"elementor-spacer-inner\"><\/div>\n\t\t<\/div>\n\t\t\t\t<\/div>\n\t\t\t\t<\/div>\n\t\t\t\t\t<\/div>\n\t\t<\/div>\n\t\t\t\t\t\t\t<\/div>\n\t\t<\/section>\n\t\t\t\t<section class=\"elementor-section elementor-top-section elementor-element elementor-element-ebd3526 elementor-section-boxed elementor-section-height-default elementor-section-height-default\" data-id=\"ebd3526\" data-element_type=\"section\" data-settings=\"{&quot;background_background&quot;:&quot;classic&quot;}\">\n\t\t\t\t\t\t<div class=\"elementor-container elementor-column-gap-default\">\n\t\t\t\t\t<div class=\"elementor-column elementor-col-100 elementor-top-column elementor-element elementor-element-5ae1a4d\" data-id=\"5ae1a4d\" data-element_type=\"column\">\n\t\t\t<div class=\"elementor-widget-wrap elementor-element-populated\">\n\t\t\t\t\t\t\t\t<div class=\"elementor-element elementor-element-a54c662 elementor-widget elementor-widget-image-carousel\" data-id=\"a54c662\" data-element_type=\"widget\" data-settings=\"{&quot;slides_to_show&quot;:&quot;4&quot;,&quot;slides_to_scroll&quot;:&quot;1&quot;,&quot;navigation&quot;:&quot;none&quot;,&quot;image_spacing_custom&quot;:{&quot;unit&quot;:&quot;px&quot;,&quot;size&quot;:40,&quot;sizes&quot;:[]},&quot;slides_to_show_tablet&quot;:&quot;4&quot;,&quot;slides_to_show_mobile&quot;:&quot;2&quot;,&quot;slides_to_scroll_tablet&quot;:&quot;2&quot;,&quot;slides_to_scroll_mobile&quot;:&quot;2&quot;,&quot;autoplay&quot;:&quot;yes&quot;,&quot;pause_on_hover&quot;:&quot;yes&quot;,&quot;pause_on_interaction&quot;:&quot;yes&quot;,&quot;autoplay_speed&quot;:5000,&quot;infinite&quot;:&quot;yes&quot;,&quot;speed&quot;:500,&quot;image_spacing_custom_tablet&quot;:{&quot;unit&quot;:&quot;px&quot;,&quot;size&quot;:&quot;&quot;,&quot;sizes&quot;:[]},&quot;image_spacing_custom_mobile&quot;:{&quot;unit&quot;:&quot;px&quot;,&quot;size&quot;:&quot;&quot;,&quot;sizes&quot;:[]}}\" data-widget_type=\"image-carousel.default\">\n\t\t\t\t<div class=\"elementor-widget-container\">\n\t\t\t<style>\/*! elementor - v3.16.0 - 09-10-2023 *\/\n.elementor-widget-image-carousel .swiper,.elementor-widget-image-carousel .swiper-container{position:static}.elementor-widget-image-carousel .swiper-container .swiper-slide figure,.elementor-widget-image-carousel .swiper .swiper-slide figure{line-height:inherit}.elementor-widget-image-carousel .swiper-slide{text-align:center}.elementor-image-carousel-wrapper:not(.swiper-container-initialized):not(.swiper-initialized) .swiper-slide{max-width:calc(100% \/ var(--e-image-carousel-slides-to-show, 3))}<\/style>\t\t<div class=\"elementor-image-carousel-wrapper swiper\" dir=\"ltr\">\n\t\t\t<div class=\"elementor-image-carousel swiper-wrapper\" aria-live=\"off\">\n\t\t\t\t\t\t\t\t<div class=\"swiper-slide\" role=\"group\" aria-roledescription=\"slide\" aria-label=\"1 of 4\"><figure class=\"swiper-slide-inner\"><img decoding=\"async\" class=\"swiper-slide-image\" src=\"https:\/\/oneononeimmigration.com\/wp-content\/uploads\/2023\/05\/4.png\" alt=\"4\" \/><\/figure><\/div><div class=\"swiper-slide\" role=\"group\" aria-roledescription=\"slide\" aria-label=\"2 of 4\"><figure class=\"swiper-slide-inner\"><img decoding=\"async\" class=\"swiper-slide-image\" src=\"https:\/\/oneononeimmigration.com\/wp-content\/uploads\/2023\/05\/2.png\" alt=\"2\" \/><\/figure><\/div><div class=\"swiper-slide\" role=\"group\" aria-roledescription=\"slide\" aria-label=\"3 of 4\"><figure class=\"swiper-slide-inner\"><img decoding=\"async\" class=\"swiper-slide-image\" src=\"https:\/\/oneononeimmigration.com\/wp-content\/uploads\/2023\/05\/3.png\" alt=\"3\" \/><\/figure><\/div><div class=\"swiper-slide\" role=\"group\" aria-roledescription=\"slide\" aria-label=\"4 of 4\"><figure class=\"swiper-slide-inner\"><img decoding=\"async\" class=\"swiper-slide-image\" src=\"https:\/\/oneononeimmigration.com\/wp-content\/uploads\/2023\/05\/1.png\" alt=\"1\" \/><\/figure><\/div>\t\t\t<\/div>\n\t\t\t\t\t\t\t\n\t\t\t\t\t\t\t\t\t<\/div>\n\t\t\t\t<\/div>\n\t\t\t\t<\/div>\n\t\t\t\t\t<\/div>\n\t\t<\/div>\n\t\t\t\t\t\t\t<\/div>\n\t\t<\/section>\n\t\t\t\t\t\t\t<\/div>","protected":false},"excerpt":{"rendered":"<p>Take a look at our Visa Services Visitor Visa Welcome to our website, your one-stop destination for all your Canada visitor visa needs. Our experienced team of professionals is dedicated to helping you navigate the complex process of applying for a Canada visitor visa, ensuring that you have the best chance of success. Whether you&#8217;re [&hellip;]<\/p>","protected":false},"author":1,"featured_media":0,"parent":0,"menu_order":0,"comment_status":"closed","ping_status":"closed","template":"page-templates\/pagebuilder.php","meta":{"footnotes":""},"_links":{"self":[{"href":"https:\/\/oneononeimmigration.com\/pt-br\/wp-json\/wp\/v2\/pages\/13"}],"collection":[{"href":"https:\/\/oneononeimmigration.com\/pt-br\/wp-json\/wp\/v2\/pages"}],"about":[{"href":"https:\/\/oneononeimmigration.com\/pt-br\/wp-json\/wp\/v2\/types\/page"}],"author":[{"embeddable":true,"href":"https:\/\/oneononeimmigration.com\/pt-br\/wp-json\/wp\/v2\/users\/1"}],"replies":[{"embeddable":true,"href":"https:\/\/oneononeimmigration.com\/pt-br\/wp-json\/wp\/v2\/comments?post=13"}],"version-history":[{"count":10,"href":"https:\/\/oneononeimmigration.com\/pt-br\/wp-json\/wp\/v2\/pages\/13\/revisions"}],"predecessor-version":[{"id":5887,"href":"https:\/\/oneononeimmigration.com\/pt-br\/wp-json\/wp\/v2\/pages\/13\/revisions\/5887"}],"wp:attachment":[{"href":"https:\/\/oneononeimmigration.com\/pt-br\/wp-json\/wp\/v2\/media?parent=13"}],"curies":[{"name":"wp","href":"https:\/\/api.w.org\/{rel}","templated":true}]}}